{"id":2485,"date":"2021-06-15T15:24:37","date_gmt":"2021-06-15T13:24:37","guid":{"rendered":"https:\/\/allezvousfairevoir.com\/?page_id=2485"},"modified":"2021-06-18T10:32:53","modified_gmt":"2021-06-18T08:32:53","slug":"saison-1","status":"publish","type":"page","link":"https:\/\/allezvousfairevoir.com\/index.php\/saison-1\/","title":{"rendered":"Saison 1"},"content":{"rendered":"<p>[vc_row content_placement=\u00a0\u00bbmiddle\u00a0\u00bb][vc_column width=\u00a0\u00bb2\/3&Prime;][vc_single_image image=\u00a0\u00bb2633&Prime; img_size=\u00a0\u00bblarge\u00a0\u00bb alignment=\u00a0\u00bbcenter\u00a0\u00bb][\/vc_column][vc_column width=\u00a0\u00bb1\/3&Prime;][vc_custom_heading text=\u00a0\u00bb01.\u00a0\u00bb google_fonts=\u00a0\u00bbfont_family:Roboto%3A100%2C100italic%2C300%2C300italic%2Cregular%2Citalic%2C500%2C500italic%2C700%2C700italic%2C900%2C900italic|font_style:700%20bold%20regular%3A700%3Anormal\u00a0\u00bb][vc_column_text]<\/p>\n<h3>Journ\u00e9e Type.<\/h3>\n<p>[\/vc_column_text][vc_column_text]Tu aimerais conna\u00eetre les backstages d&rsquo;une agence webmarketing ? Pas s\u00fbre que ce soit ce \u00e0 quoi tu t&rsquo;attendais&#8230; L&rsquo;agence Staenk te propose de d\u00e9couvrir son fonctionnement et ses \u00e9quipes en totale transparence et sans aucunes paillettes.[\/vc_column_text][vc_empty_space][vc_btn title=\u00a0\u00bbVOIR L&rsquo;\u00c9PISODE\u00a0\u00bb style=\u00a0\u00bboutline\u00a0\u00bb color=\u00a0\u00bbwhite\u00a0\u00bb align=\u00a0\u00bbcenter\u00a0\u00bb i_icon_fontawesome=\u00a0\u00bbfas fa-play\u00a0\u00bb add_icon=\u00a0\u00bbtrue\u00a0\u00bb link=\u00a0\u00bburl:https%3A%2F%2Fallezvousfairevoir.com%2Findex.php%2Fjournee-type%2F|title:Journ%C3%A9e%20Type\u00a0\u00bb][\/vc_column][\/vc_row][vc_row][vc_column][vc_empty_space height=\u00a0\u00bb70px\u00a0\u00bb][\/vc_column][\/vc_row][vc_row content_placement=\u00a0\u00bbmiddle\u00a0\u00bb][vc_column width=\u00a0\u00bb2\/3&Prime;][vc_single_image image=\u00a0\u00bb2634&Prime; img_size=\u00a0\u00bblarge\u00a0\u00bb alignment=\u00a0\u00bbcenter\u00a0\u00bb][\/vc_column][vc_column width=\u00a0\u00bb1\/3&Prime;][vc_custom_heading text=\u00a0\u00bb02.\u00a0\u00bb google_fonts=\u00a0\u00bbfont_family:Roboto%3A100%2C100italic%2C300%2C300italic%2Cregular%2Citalic%2C500%2C500italic%2C700%2C700italic%2C900%2C900italic|font_style:700%20bold%20regular%3A700%3Anormal\u00a0\u00bb][vc_column_text]<\/p>\n<h3>Directeur Impliqu\u00e9.<\/h3>\n<p>[\/vc_column_text][vc_column_text]Etre directeur d&rsquo;agence n&rsquo;est pas donn\u00e9 \u00e0 tout le monde. Cela demande beaucoup de professionnalisme, de s\u00e9rieux, de vigueur&#8230; Et qui de mieux pour parler du directeur de l&rsquo;agence Staenk que ses employ\u00e9s ?[\/vc_column_text][vc_empty_space][vc_btn title=\u00a0\u00bbVOIR L&rsquo;\u00c9PISODE\u00a0\u00bb style=\u00a0\u00bboutline\u00a0\u00bb color=\u00a0\u00bbwhite\u00a0\u00bb align=\u00a0\u00bbcenter\u00a0\u00bb i_icon_fontawesome=\u00a0\u00bbfas fa-play\u00a0\u00bb add_icon=\u00a0\u00bbtrue\u00a0\u00bb link=\u00a0\u00bburl:https%3A%2F%2Fallezvousfairevoir.com%2Findex.php%2Fdirecteur-implique%2F|title:Directeur%20Impliqu%C3%A9&Prime;][\/vc_column][\/vc_row][vc_row][vc_column][vc_empty_space height=\u00a0\u00bb70px\u00a0\u00bb][\/vc_column][\/vc_row][vc_row content_placement=\u00a0\u00bbmiddle\u00a0\u00bb][vc_column width=\u00a0\u00bb2\/3&Prime;][vc_single_image image=\u00a0\u00bb2635&Prime; img_size=\u00a0\u00bblarge\u00a0\u00bb alignment=\u00a0\u00bbcenter\u00a0\u00bb][\/vc_column][vc_column width=\u00a0\u00bb1\/3&Prime;][vc_custom_heading text=\u00a0\u00bb03.\u00a0\u00bb google_fonts=\u00a0\u00bbfont_family:Roboto%3A100%2C100italic%2C300%2C300italic%2Cregular%2Citalic%2C500%2C500italic%2C700%2C700italic%2C900%2C900italic|font_style:700%20bold%20regular%3A700%3Anormal\u00a0\u00bb][vc_column_text]<\/p>\n<h3>Stagiaire Int\u00e9gr\u00e9.<\/h3>\n<p>[\/vc_column_text][vc_column_text]Aujourd&rsquo;hui Nils te parle de son exp\u00e9rience en tant que stagiaire au sein de l&rsquo;agence webmarketing Staenk. Le fruit d&rsquo;une bien belle collaboration, pleine de vaisselle, d&rsquo;\u00e9ponges et de batailles de nerfs. Mais sinon il semblerait qu&rsquo;il ait quand m\u00eame appris 2-3 trucs.[\/vc_column_text][vc_empty_space][vc_btn title=\u00a0\u00bbVOIR L&rsquo;\u00c9PISODE\u00a0\u00bb style=\u00a0\u00bboutline\u00a0\u00bb color=\u00a0\u00bbwhite\u00a0\u00bb align=\u00a0\u00bbcenter\u00a0\u00bb i_icon_fontawesome=\u00a0\u00bbfas fa-play\u00a0\u00bb add_icon=\u00a0\u00bbtrue\u00a0\u00bb link=\u00a0\u00bburl:https%3A%2F%2Fallezvousfairevoir.com%2Findex.php%2Fstagiaire-integre%2F|title:Stagiaire%20Int%C3%A9gr%C3%A9&Prime;][\/vc_column][\/vc_row][vc_row][vc_column][vc_empty_space height=\u00a0\u00bb70px\u00a0\u00bb][\/vc_column][\/vc_row][vc_row content_placement=\u00a0\u00bbmiddle\u00a0\u00bb][vc_column width=\u00a0\u00bb2\/3&Prime;][vc_single_image image=\u00a0\u00bb2636&Prime; img_size=\u00a0\u00bblarge\u00a0\u00bb alignment=\u00a0\u00bbcenter\u00a0\u00bb][\/vc_column][vc_column width=\u00a0\u00bb1\/3&Prime;][vc_custom_heading text=\u00a0\u00bb04.\u00a0\u00bb google_fonts=\u00a0\u00bbfont_family:Roboto%3A100%2C100italic%2C300%2C300italic%2Cregular%2Citalic%2C500%2C500italic%2C700%2C700italic%2C900%2C900italic|font_style:700%20bold%20regular%3A700%3Anormal\u00a0\u00bb][vc_column_text]<\/p>\n<h3>R\u00e9union d&rsquo;\u00e9quipe.<\/h3>\n<p>[\/vc_column_text][vc_column_text]Les r\u00e9unions d&rsquo;\u00e9quipes en agence webmarketing c&rsquo;est un grand classique. Swann vous explique comment se passe ces moments pleins de s\u00e9rieux et essentiel au bon d\u00e9roul\u00e9 des projets de l&rsquo;agence.[\/vc_column_text][vc_empty_space][vc_btn title=\u00a0\u00bbVOIR L&rsquo;\u00c9PISODE\u00a0\u00bb style=\u00a0\u00bboutline\u00a0\u00bb color=\u00a0\u00bbwhite\u00a0\u00bb align=\u00a0\u00bbcenter\u00a0\u00bb i_icon_fontawesome=\u00a0\u00bbfas fa-play\u00a0\u00bb add_icon=\u00a0\u00bbtrue\u00a0\u00bb link=\u00a0\u00bburl:https%3A%2F%2Fallezvousfairevoir.com%2Findex.php%2Freunion-dequipe%2F|title:R%C3%A9union%20d%E2%80%99%C3%A9quipe\u00a0\u00bb][\/vc_column][\/vc_row][vc_row][vc_column][vc_empty_space height=\u00a0\u00bb70px\u00a0\u00bb][\/vc_column][\/vc_row][vc_row content_placement=\u00a0\u00bbmiddle\u00a0\u00bb][vc_column width=\u00a0\u00bb2\/3&Prime;][vc_single_image image=\u00a0\u00bb2637&Prime; img_size=\u00a0\u00bblarge\u00a0\u00bb alignment=\u00a0\u00bbcenter\u00a0\u00bb][\/vc_column][vc_column width=\u00a0\u00bb1\/3&Prime;][vc_custom_heading text=\u00a0\u00bb05.\u00a0\u00bb google_fonts=\u00a0\u00bbfont_family:Roboto%3A100%2C100italic%2C300%2C300italic%2Cregular%2Citalic%2C500%2C500italic%2C700%2C700italic%2C900%2C900italic|font_style:700%20bold%20regular%3A700%3Anormal\u00a0\u00bb][vc_column_text]<\/p>\n<h3>Nouveaux Arrivants.<\/h3>\n<p>[\/vc_column_text][vc_column_text]L&rsquo;onboarding en agence webmarketing est extr\u00eamement important. Cela permet aux stagiaires d&rsquo;arriver sereinement et d&rsquo;int\u00e9grer l&rsquo;\u00e9quipe de la meilleure des mani\u00e8res qui soit. Si vous voulez savoir comment faire un onboarding de qualit\u00e9, Jordan vous donne ses conseils d&rsquo;expert sur le sujet.[\/vc_column_text][vc_empty_space][vc_btn title=\u00a0\u00bbVOIR L&rsquo;\u00c9PISODE\u00a0\u00bb style=\u00a0\u00bboutline\u00a0\u00bb color=\u00a0\u00bbwhite\u00a0\u00bb align=\u00a0\u00bbcenter\u00a0\u00bb i_icon_fontawesome=\u00a0\u00bbfas fa-play\u00a0\u00bb add_icon=\u00a0\u00bbtrue\u00a0\u00bb link=\u00a0\u00bburl:https%3A%2F%2Fallezvousfairevoir.com%2Findex.php%2Fnouveaux-arrivants%2F|title:Nouveaux%20Arrivants\u00a0\u00bb][\/vc_column][\/vc_row][vc_row][vc_column][vc_empty_space height=\u00a0\u00bb50px\u00a0\u00bb][\/vc_column][\/vc_row]<\/p>\n","protected":false},"excerpt":{"rendered":"<p>[vc_row content_placement=\u00a0\u00bbmiddle\u00a0\u00bb][vc_column width=\u00a0\u00bb2\/3&Prime;][vc_single_image image=\u00a0\u00bb2633&Prime; img_size=\u00a0\u00bblarge\u00a0\u00bb alignment=\u00a0\u00bbcenter\u00a0\u00bb][\/vc_column][vc_column width=\u00a0\u00bb1\/3&Prime;][vc_custom_heading text=\u00a0\u00bb01.\u00a0\u00bb google_fonts=\u00a0\u00bbfont_family:Roboto%3A100%2C100italic%2C300%2C300italic%2Cregular%2Citalic%2C500%2C500italic%2C700%2C700italic%2C900%2C900italic|font_style:700%20bold%20regular%3A700%3Anormal\u00a0\u00bb][vc_column_text] Journ\u00e9e Type. [\/vc_column_text][vc_column_text]Tu aimerais conna\u00eetre les backstages d&rsquo;une agence webmarketing ? Pas s\u00fbre que ce soit ce \u00e0 quoi tu t&rsquo;attendais&#8230; L&rsquo;agence Staenk te propose de d\u00e9couvrir son fonctionnement et ses [&hellip;]<\/p>\n","protected":false},"author":1,"featured_media":0,"parent":0,"menu_order":0,"comment_status":"closed","ping_status":"closed","template":"","meta":[],"_links":{"self":[{"href":"https:\/\/allezvousfairevoir.com\/index.php\/wp-json\/wp\/v2\/pages\/2485"}],"collection":[{"href":"https:\/\/allezvousfairevoir.com\/index.php\/wp-json\/wp\/v2\/pages"}],"about":[{"href":"https:\/\/allezvousfairevoir.com\/index.php\/wp-json\/wp\/v2\/types\/page"}],"author":[{"embeddable":true,"href":"https:\/\/allezvousfairevoir.com\/index.php\/wp-json\/wp\/v2\/users\/1"}],"replies":[{"embeddable":true,"href":"https:\/\/allezvousfairevoir.com\/index.php\/wp-json\/wp\/v2\/comments?post=2485"}],"version-history":[{"count":16,"href":"https:\/\/allezvousfairevoir.com\/index.php\/wp-json\/wp\/v2\/pages\/2485\/revisions"}],"predecessor-version":[{"id":2646,"href":"https:\/\/allezvousfairevoir.com\/index.php\/wp-json\/wp\/v2\/pages\/2485\/revisions\/2646"}],"wp:attachment":[{"href":"https:\/\/allezvousfairevoir.com\/index.php\/wp-json\/wp\/v2\/media?parent=2485"}],"curies":[{"name":"wp","href":"https:\/\/api.w.org\/{rel}","templated":true}]}}