{"id":2539,"date":"2021-06-16T10:58:58","date_gmt":"2021-06-16T08:58:58","guid":{"rendered":"https:\/\/allezvousfairevoir.com\/?page_id=2539"},"modified":"2021-06-17T17:30:44","modified_gmt":"2021-06-17T15:30:44","slug":"reunion-dequipe","status":"publish","type":"page","link":"https:\/\/allezvousfairevoir.com\/index.php\/saison-1\/reunion-dequipe\/","title":{"rendered":"R\u00e9union d&rsquo;\u00c9quipe"},"content":{"rendered":"<p>[vc_row][vc_column][vc_custom_heading text=\u00a0\u00bbR\u00e9union d&rsquo;\u00c9quipe\u00a0\u00bb font_container=\u00a0\u00bbtag:h1|text_align:center\u00a0\u00bb google_fonts=\u00a0\u00bbfont_family:Roboto%3A100%2C100italic%2C300%2C300italic%2Cregular%2Citalic%2C500%2C500italic%2C700%2C700italic%2C900%2C900italic|font_style:900%20bold%20regular%3A900%3Anormal\u00a0\u00bb][\/vc_column][\/vc_row][vc_row][vc_column][vc_video link=\u00a0\u00bbhttps:\/\/www.youtube.com\/watch?v=ZPR6lGFyUQY\u00a0\u00bb align=\u00a0\u00bbcenter\u00a0\u00bb][\/vc_column][\/vc_row][vc_row][vc_column width=\u00a0\u00bb2\/3&Prime;][vc_column_text]saison 1 \/ ep. 4 &#8211; r\u00e9union d&rsquo;\u00e9quipe[\/vc_column_text][vc_custom_heading text=\u00a0\u00bbLes r\u00e9unions d&rsquo;\u00e9quipe chez Staenk | Ep.04&Prime; font_container=\u00a0\u00bbtag:h2|font_size:30px|text_align:left\u00a0\u00bb google_fonts=\u00a0\u00bbfont_family:Roboto%3A100%2C100italic%2C300%2C300italic%2Cregular%2Citalic%2C500%2C500italic%2C700%2C700italic%2C900%2C900italic|font_style:500%20bold%20regular%3A500%3Anormal\u00a0\u00bb][vc_column_text]En agence, les r\u00e9unions d&rsquo;\u00e9quipe sont indispensables pour avancer sur les projets.<\/p>\n<p>Staenk innove pour \u00e9viter l&rsquo;ennui ! \ud83d\udca5<\/p>\n<p>\ud83d\udca1 D\u00e9couvrez les 3 valeurs importantes de notre process pour les r\u00e9unions d&rsquo;\u00e9quipe !<\/p>\n<p>Notre conseil pour vos prochaines r\u00e9unions est de s&rsquo;y rendre avec une bonne forme physique et surtout de vous prot\u00e9ger un minimum \ud83d\ude05[\/vc_column_text][\/vc_column][vc_column width=\u00a0\u00bb1\/3&Prime; css=\u00a0\u00bb.vc_custom_1623770845140{padding-top: 30px !important;}\u00a0\u00bb][vc_custom_heading text=\u00a0\u00bbDate de r\u00e9alisation :\u00a0\u00bb font_container=\u00a0\u00bbtag:h3|font_size:18px|text_align:left\u00a0\u00bb google_fonts=\u00a0\u00bbfont_family:Roboto%3A100%2C100italic%2C300%2C300italic%2Cregular%2Citalic%2C500%2C500italic%2C700%2C700italic%2C900%2C900italic|font_style:500%20bold%20regular%3A500%3Anormal\u00a0\u00bb css=\u00a0\u00bb.vc_custom_1623770800555{margin-bottom: 0px !important;}\u00a0\u00bb][vc_column_text css=\u00a0\u00bb.vc_custom_1623770944660{margin-top: 0px !important;}\u00a0\u00bb]Juin 2021[\/vc_column_text][vc_custom_heading text=\u00a0\u00bbR\u00e9alisateur :\u00a0\u00bb font_container=\u00a0\u00bbtag:h3|font_size:18px|text_align:left\u00a0\u00bb google_fonts=\u00a0\u00bbfont_family:Roboto%3A100%2C100italic%2C300%2C300italic%2Cregular%2Citalic%2C500%2C500italic%2C700%2C700italic%2C900%2C900italic|font_style:500%20bold%20regular%3A500%3Anormal\u00a0\u00bb css=\u00a0\u00bb.vc_custom_1623771762314{margin-bottom: 0px !important;}\u00a0\u00bb][vc_column_text css=\u00a0\u00bb.vc_custom_1623771712223{margin-top: 0px !important;}\u00a0\u00bb]<a href=\"https:\/\/fr.linkedin.com\/in\/maximegayet\">Maxime Gayet<\/a>[\/vc_column_text][vc_custom_heading text=\u00a0\u00bbActeur :\u00a0\u00bb font_container=\u00a0\u00bbtag:h3|font_size:18px|text_align:left\u00a0\u00bb google_fonts=\u00a0\u00bbfont_family:Roboto%3A100%2C100italic%2C300%2C300italic%2Cregular%2Citalic%2C500%2C500italic%2C700%2C700italic%2C900%2C900italic|font_style:500%20bold%20regular%3A500%3Anormal\u00a0\u00bb css=\u00a0\u00bb.vc_custom_1623771776226{margin-bottom: 0px !important;}\u00a0\u00bb][vc_column_text css=\u00a0\u00bb.vc_custom_1623833931603{margin-top: 0px !important;}\u00a0\u00bb]<a href=\"https:\/\/www.linkedin.com\/in\/swannlemoigne\/\">Swann Le Moigne<\/a>, <a href=\"https:\/\/www.linkedin.com\/in\/nils-degremont-marketing-digital\/\">Nils Degremont<\/a>, <a href=\"https:\/\/www.linkedin.com\/in\/maud-vallesella-47a4a149\/\">Maud Vallesella<\/a>, <a href=\"https:\/\/www.linkedin.com\/in\/cl%C3%A9mentine-h%C3%A9dont001\/\">Cl\u00e9mentine H\u00e9dont<\/a>, <a href=\"https:\/\/www.linkedin.com\/in\/d%C3%A9borah-achour\/\">Deborah Achour<\/a>, <a href=\"https:\/\/www.linkedin.com\/in\/jordanlapendry\/\">Jordan Lapendry<\/a>,\u00a0<a href=\"https:\/\/www.linkedin.com\/in\/alicia-paya-marketing-digital\/\">Alicia Paya<\/a>[\/vc_column_text][\/vc_column][\/vc_row][vc_row][vc_column][vc_empty_space height=\u00a0\u00bb70px\u00a0\u00bb][\/vc_column][\/vc_row][vc_row][vc_column width=\u00a0\u00bb1\/3&Prime;][vc_btn title=\u00a0\u00bb\u00c9PISODE 3&Prime; style=\u00a0\u00bboutline\u00a0\u00bb color=\u00a0\u00bbwhite\u00a0\u00bb size=\u00a0\u00bbsm\u00a0\u00bb align=\u00a0\u00bbleft\u00a0\u00bb i_icon_fontawesome=\u00a0\u00bbfas fa-arrow-left\u00a0\u00bb add_icon=\u00a0\u00bbtrue\u00a0\u00bb link=\u00a0\u00bburl:https%3A%2F%2Fallezvousfairevoir.com%2Findex.php%2Fstagiaire-integre%2F|title:Stagiaire%20Int%C3%A9gr%C3%A9&Prime;][\/vc_column][vc_column width=\u00a0\u00bb1\/3&Prime;][vc_btn title=\u00a0\u00bb\u00c9PISODES SAISON 1&Prime; style=\u00a0\u00bboutline\u00a0\u00bb color=\u00a0\u00bbwhite\u00a0\u00bb size=\u00a0\u00bbsm\u00a0\u00bb align=\u00a0\u00bbcenter\u00a0\u00bb link=\u00a0\u00bburl:https%3A%2F%2Fallezvousfairevoir.com%2Findex.php%2Fsaison-1%2F|title:Saison%201&Prime;][\/vc_column][vc_column width=\u00a0\u00bb1\/3&Prime;][vc_btn title=\u00a0\u00bb\u00c9PISODE 5&Prime; style=\u00a0\u00bboutline\u00a0\u00bb color=\u00a0\u00bbwhite\u00a0\u00bb size=\u00a0\u00bbsm\u00a0\u00bb align=\u00a0\u00bbright\u00a0\u00bb i_align=\u00a0\u00bbright\u00a0\u00bb i_icon_fontawesome=\u00a0\u00bbfas fa-arrow-right\u00a0\u00bb add_icon=\u00a0\u00bbtrue\u00a0\u00bb link=\u00a0\u00bburl:https%3A%2F%2Fallezvousfairevoir.com%2Findex.php%2Fnouveaux-arrivants%2F|title:Nouveaux%20Arrivants\u00a0\u00bb][\/vc_column][\/vc_row]<\/p>\n","protected":false},"excerpt":{"rendered":"<p>[vc_row][vc_column][vc_custom_heading text=\u00a0\u00bbR\u00e9union d&rsquo;\u00c9quipe\u00a0\u00bb font_container=\u00a0\u00bbtag:h1|text_align:center\u00a0\u00bb google_fonts=\u00a0\u00bbfont_family:Roboto%3A100%2C100italic%2C300%2C300italic%2Cregular%2Citalic%2C500%2C500italic%2C700%2C700italic%2C900%2C900italic|font_style:900%20bold%20regular%3A900%3Anormal\u00a0\u00bb][\/vc_column][\/vc_row][vc_row][vc_column][vc_video link=\u00a0\u00bbhttps:\/\/www.youtube.com\/watch?v=ZPR6lGFyUQY\u00a0\u00bb align=\u00a0\u00bbcenter\u00a0\u00bb][\/vc_column][\/vc_row][vc_row][vc_column width=\u00a0\u00bb2\/3&Prime;][vc_column_text]saison 1 \/ ep. 4 &#8211; r\u00e9union d&rsquo;\u00e9quipe[\/vc_column_text][vc_custom_heading text=\u00a0\u00bbLes r\u00e9unions d&rsquo;\u00e9quipe chez Staenk | Ep.04&Prime; font_container=\u00a0\u00bbtag:h2|font_size:30px|text_align:left\u00a0\u00bb google_fonts=\u00a0\u00bbfont_family:Roboto%3A100%2C100italic%2C300%2C300italic%2Cregular%2Citalic%2C500%2C500italic%2C700%2C700italic%2C900%2C900italic|font_style:500%20bold%20regular%3A500%3Anormal\u00a0\u00bb][vc_column_text]En agence, les r\u00e9unions d&rsquo;\u00e9quipe sont indispensables pour avancer sur les projets. Staenk innove pour \u00e9viter l&rsquo;ennui [&hellip;]<\/p>\n","protected":false},"author":1,"featured_media":2636,"parent":2485,"menu_order":0,"comment_status":"closed","ping_status":"closed","template":"","meta":[],"_links":{"self":[{"href":"https:\/\/allezvousfairevoir.com\/index.php\/wp-json\/wp\/v2\/pages\/2539"}],"collection":[{"href":"https:\/\/allezvousfairevoir.com\/index.php\/wp-json\/wp\/v2\/pages"}],"about":[{"href":"https:\/\/allezvousfairevoir.com\/index.php\/wp-json\/wp\/v2\/types\/page"}],"author":[{"embeddable":true,"href":"https:\/\/allezvousfairevoir.com\/index.php\/wp-json\/wp\/v2\/users\/1"}],"replies":[{"embeddable":true,"href":"https:\/\/allezvousfairevoir.com\/index.php\/wp-json\/wp\/v2\/comments?post=2539"}],"version-history":[{"count":9,"href":"https:\/\/allezvousfairevoir.com\/index.php\/wp-json\/wp\/v2\/pages\/2539\/revisions"}],"predecessor-version":[{"id":2644,"href":"https:\/\/allezvousfairevoir.com\/index.php\/wp-json\/wp\/v2\/pages\/2539\/revisions\/2644"}],"up":[{"embeddable":true,"href":"https:\/\/allezvousfairevoir.com\/index.php\/wp-json\/wp\/v2\/pages\/2485"}],"wp:featuredmedia":[{"embeddable":true,"href":"https:\/\/allezvousfairevoir.com\/index.php\/wp-json\/wp\/v2\/media\/2636"}],"wp:attachment":[{"href":"https:\/\/allezvousfairevoir.com\/index.php\/wp-json\/wp\/v2\/media?parent=2539"}],"curies":[{"name":"wp","href":"https:\/\/api.w.org\/{rel}","templated":true}]}}