{"id":2543,"date":"2021-06-16T11:05:46","date_gmt":"2021-06-16T09:05:46","guid":{"rendered":"https:\/\/allezvousfairevoir.com\/?page_id=2543"},"modified":"2021-06-17T17:33:21","modified_gmt":"2021-06-17T15:33:21","slug":"nouveaux-arrivants","status":"publish","type":"page","link":"https:\/\/allezvousfairevoir.com\/index.php\/saison-1\/nouveaux-arrivants\/","title":{"rendered":"Nouveaux Arrivants"},"content":{"rendered":"<p>[vc_row][vc_column][vc_custom_heading text=\u00a0\u00bbNouveaux Arrivants\u00a0\u00bb font_container=\u00a0\u00bbtag:h1|text_align:center\u00a0\u00bb google_fonts=\u00a0\u00bbfont_family:Roboto%3A100%2C100italic%2C300%2C300italic%2Cregular%2Citalic%2C500%2C500italic%2C700%2C700italic%2C900%2C900italic|font_style:900%20bold%20regular%3A900%3Anormal\u00a0\u00bb][\/vc_column][\/vc_row][vc_row][vc_column][vc_video link=\u00a0\u00bbhttps:\/\/www.youtube.com\/watch?v=iIUYpc3DDDg\u00a0\u00bb align=\u00a0\u00bbcenter\u00a0\u00bb][\/vc_column][\/vc_row][vc_row][vc_column width=\u00a0\u00bb2\/3&Prime;][vc_column_text]saison 1 \/ ep. 5 &#8211; Nouveaux Arrivants[\/vc_column_text][vc_custom_heading text=\u00a0\u00bbL&rsquo;onboarding des nouveaux arrivants chez Staenk | Ep.05&Prime; font_container=\u00a0\u00bbtag:h2|font_size:30px|text_align:left\u00a0\u00bb google_fonts=\u00a0\u00bbfont_family:Roboto%3A100%2C100italic%2C300%2C300italic%2Cregular%2Citalic%2C500%2C500italic%2C700%2C700italic%2C900%2C900italic|font_style:500%20bold%20regular%3A500%3Anormal\u00a0\u00bb][vc_column_text]Staenk nous montre comment ils accueillent les nouveaux.<\/p>\n<p>Vous souhaitez nous rejoindre ? Regardez attentivement. \ud83d\ude43<\/p>\n<p>\u27a1 Jordan vous explique comment se d\u00e9roule l&rsquo;int\u00e9gration d&rsquo;un nouveau membre. Il est primordial que toute l&rsquo;\u00e9quipe soit r\u00e9unie lors de son accueil pour le mettre \u00e0 l&rsquo;aise.<\/p>\n<p>Mettre en avant les \u00e9changes humains est important pour une bonne ambiance au sein de l&rsquo;\u00e9quipe !\u00a0 \ud83d\ude80[\/vc_column_text][\/vc_column][vc_column width=\u00a0\u00bb1\/3&Prime; css=\u00a0\u00bb.vc_custom_1623770845140{padding-top: 30px !important;}\u00a0\u00bb][vc_custom_heading text=\u00a0\u00bbDate de r\u00e9alisation :\u00a0\u00bb font_container=\u00a0\u00bbtag:h3|font_size:18px|text_align:left\u00a0\u00bb google_fonts=\u00a0\u00bbfont_family:Roboto%3A100%2C100italic%2C300%2C300italic%2Cregular%2Citalic%2C500%2C500italic%2C700%2C700italic%2C900%2C900italic|font_style:500%20bold%20regular%3A500%3Anormal\u00a0\u00bb css=\u00a0\u00bb.vc_custom_1623770800555{margin-bottom: 0px !important;}\u00a0\u00bb][vc_column_text css=\u00a0\u00bb.vc_custom_1623770944660{margin-top: 0px !important;}\u00a0\u00bb]Juin 2021[\/vc_column_text][vc_custom_heading text=\u00a0\u00bbR\u00e9alisateur :\u00a0\u00bb font_container=\u00a0\u00bbtag:h3|font_size:18px|text_align:left\u00a0\u00bb google_fonts=\u00a0\u00bbfont_family:Roboto%3A100%2C100italic%2C300%2C300italic%2Cregular%2Citalic%2C500%2C500italic%2C700%2C700italic%2C900%2C900italic|font_style:500%20bold%20regular%3A500%3Anormal\u00a0\u00bb css=\u00a0\u00bb.vc_custom_1623771762314{margin-bottom: 0px !important;}\u00a0\u00bb][vc_column_text css=\u00a0\u00bb.vc_custom_1623771712223{margin-top: 0px !important;}\u00a0\u00bb]<a href=\"https:\/\/fr.linkedin.com\/in\/maximegayet\">Maxime Gayet<\/a>[\/vc_column_text][vc_custom_heading text=\u00a0\u00bbActeur :\u00a0\u00bb font_container=\u00a0\u00bbtag:h3|font_size:18px|text_align:left\u00a0\u00bb google_fonts=\u00a0\u00bbfont_family:Roboto%3A100%2C100italic%2C300%2C300italic%2Cregular%2Citalic%2C500%2C500italic%2C700%2C700italic%2C900%2C900italic|font_style:500%20bold%20regular%3A500%3Anormal\u00a0\u00bb css=\u00a0\u00bb.vc_custom_1623771776226{margin-bottom: 0px !important;}\u00a0\u00bb][vc_column_text css=\u00a0\u00bb.vc_custom_1623834320592{margin-top: 0px !important;}\u00a0\u00bb]<a href=\"https:\/\/www.linkedin.com\/in\/jordanlapendry\/\">Jordan Lapendry<\/a>, <a href=\"https:\/\/www.linkedin.com\/in\/cl%C3%A9mentine-h%C3%A9dont001\/\">Cl\u00e9mentine H\u00e9dont<\/a>. Ainsi que le reste de l&rsquo;\u00e9quipe trop nombreux pour les citer un par un.[\/vc_column_text][\/vc_column][\/vc_row][vc_row][vc_column][vc_empty_space height=\u00a0\u00bb70px\u00a0\u00bb][\/vc_column][\/vc_row][vc_row][vc_column width=\u00a0\u00bb1\/3&Prime;][vc_btn title=\u00a0\u00bb\u00c9PISODE 4&Prime; style=\u00a0\u00bboutline\u00a0\u00bb color=\u00a0\u00bbwhite\u00a0\u00bb size=\u00a0\u00bbsm\u00a0\u00bb align=\u00a0\u00bbleft\u00a0\u00bb i_icon_fontawesome=\u00a0\u00bbfas fa-arrow-left\u00a0\u00bb add_icon=\u00a0\u00bbtrue\u00a0\u00bb link=\u00a0\u00bburl:https%3A%2F%2Fallezvousfairevoir.com%2Findex.php%2Freunion-dequipe%2F|title:R%C3%A9union%20d%E2%80%99%C3%A9quipe\u00a0\u00bb][\/vc_column][vc_column width=\u00a0\u00bb1\/3&Prime;][vc_btn title=\u00a0\u00bb\u00c9PISODES SAISON 1&Prime; style=\u00a0\u00bboutline\u00a0\u00bb color=\u00a0\u00bbwhite\u00a0\u00bb size=\u00a0\u00bbsm\u00a0\u00bb align=\u00a0\u00bbcenter\u00a0\u00bb link=\u00a0\u00bburl:https%3A%2F%2Fallezvousfairevoir.com%2Findex.php%2Fsaison-1%2F|title:Saison%201&Prime;][\/vc_column][vc_column width=\u00a0\u00bb1\/3&Prime;][\/vc_column][\/vc_row]<\/p>\n","protected":false},"excerpt":{"rendered":"<p>[vc_row][vc_column][vc_custom_heading text=\u00a0\u00bbNouveaux Arrivants\u00a0\u00bb font_container=\u00a0\u00bbtag:h1|text_align:center\u00a0\u00bb google_fonts=\u00a0\u00bbfont_family:Roboto%3A100%2C100italic%2C300%2C300italic%2Cregular%2Citalic%2C500%2C500italic%2C700%2C700italic%2C900%2C900italic|font_style:900%20bold%20regular%3A900%3Anormal\u00a0\u00bb][\/vc_column][\/vc_row][vc_row][vc_column][vc_video link=\u00a0\u00bbhttps:\/\/www.youtube.com\/watch?v=iIUYpc3DDDg\u00a0\u00bb align=\u00a0\u00bbcenter\u00a0\u00bb][\/vc_column][\/vc_row][vc_row][vc_column width=\u00a0\u00bb2\/3&Prime;][vc_column_text]saison 1 \/ ep. 5 &#8211; Nouveaux Arrivants[\/vc_column_text][vc_custom_heading text=\u00a0\u00bbL&rsquo;onboarding des nouveaux arrivants chez Staenk | Ep.05&Prime; font_container=\u00a0\u00bbtag:h2|font_size:30px|text_align:left\u00a0\u00bb google_fonts=\u00a0\u00bbfont_family:Roboto%3A100%2C100italic%2C300%2C300italic%2Cregular%2Citalic%2C500%2C500italic%2C700%2C700italic%2C900%2C900italic|font_style:500%20bold%20regular%3A500%3Anormal\u00a0\u00bb][vc_column_text]Staenk nous montre comment ils accueillent les nouveaux. Vous souhaitez nous rejoindre ? Regardez attentivement. \ud83d\ude43 [&hellip;]<\/p>\n","protected":false},"author":1,"featured_media":2637,"parent":2485,"menu_order":0,"comment_status":"closed","ping_status":"closed","template":"","meta":[],"_links":{"self":[{"href":"https:\/\/allezvousfairevoir.com\/index.php\/wp-json\/wp\/v2\/pages\/2543"}],"collection":[{"href":"https:\/\/allezvousfairevoir.com\/index.php\/wp-json\/wp\/v2\/pages"}],"about":[{"href":"https:\/\/allezvousfairevoir.com\/index.php\/wp-json\/wp\/v2\/types\/page"}],"author":[{"embeddable":true,"href":"https:\/\/allezvousfairevoir.com\/index.php\/wp-json\/wp\/v2\/users\/1"}],"replies":[{"embeddable":true,"href":"https:\/\/allezvousfairevoir.com\/index.php\/wp-json\/wp\/v2\/comments?post=2543"}],"version-history":[{"count":5,"href":"https:\/\/allezvousfairevoir.com\/index.php\/wp-json\/wp\/v2\/pages\/2543\/revisions"}],"predecessor-version":[{"id":2645,"href":"https:\/\/allezvousfairevoir.com\/index.php\/wp-json\/wp\/v2\/pages\/2543\/revisions\/2645"}],"up":[{"embeddable":true,"href":"https:\/\/allezvousfairevoir.com\/index.php\/wp-json\/wp\/v2\/pages\/2485"}],"wp:featuredmedia":[{"embeddable":true,"href":"https:\/\/allezvousfairevoir.com\/index.php\/wp-json\/wp\/v2\/media\/2637"}],"wp:attachment":[{"href":"https:\/\/allezvousfairevoir.com\/index.php\/wp-json\/wp\/v2\/media?parent=2543"}],"curies":[{"name":"wp","href":"https:\/\/api.w.org\/{rel}","templated":true}]}}