{"id":7971,"date":"2023-07-11T10:35:22","date_gmt":"2023-07-11T08:35:22","guid":{"rendered":"https:\/\/allezvousfairevoir.com\/?page_id=7971"},"modified":"2023-07-11T12:06:19","modified_gmt":"2023-07-11T10:06:19","slug":"departement-optimisation","status":"publish","type":"page","link":"https:\/\/allezvousfairevoir.com\/index.php\/saison-2\/departement-optimisation\/","title":{"rendered":"D\u00e9partement de l&rsquo;Optimisation"},"content":{"rendered":"<p>[vc_row][vc_column][vc_custom_heading text=\u00a0\u00bbD\u00e9partement de l&rsquo;Optimisation\u00a0\u00bb font_container=\u00a0\u00bbtag:h1|text_align:center\u00a0\u00bb google_fonts=\u00a0\u00bbfont_family:Roboto%3A100%2C100italic%2C300%2C300italic%2Cregular%2Citalic%2C500%2C500italic%2C700%2C700italic%2C900%2C900italic|font_style:900%20bold%20regular%3A900%3Anormal\u00a0\u00bb][\/vc_column][\/vc_row][vc_row][vc_column][vc_video link=\u00a0\u00bbhttps:\/\/youtu.be\/iyMF5kV77XM\u00a0\u00bb align=\u00a0\u00bbcenter\u00a0\u00bb][\/vc_column][\/vc_row][vc_row][vc_column width=\u00a0\u00bb2\/3&Prime;][vc_column_text]saison 2 \/ ep. 3 &#8211; d\u00e9partement de l&rsquo;optimisation[\/vc_column_text][vc_custom_heading text=\u00a0\u00bbLe D\u00e9partement de l&rsquo;Optimisation | Ep.03&Prime; font_container=\u00a0\u00bbtag:h2|font_size:30px|text_align:left\u00a0\u00bb google_fonts=\u00a0\u00bbfont_family:Roboto%3A100%2C100italic%2C300%2C300italic%2Cregular%2Citalic%2C500%2C500italic%2C700%2C700italic%2C900%2C900italic|font_style:500%20bold%20regular%3A500%3Anormal\u00a0\u00bb][vc_column_text]Contre l&rsquo;infantilisation, on pr\u00e9f\u00e8re l&rsquo;optimisation. Et, si en plus, \u00e7a permet d&rsquo;apporter de la performance, alors on signe.<\/p>\n<p>Une grande \u00e9quipe implique de grandes responsabilit\u00e9s ![\/vc_column_text][\/vc_column][vc_column width=\u00a0\u00bb1\/3&Prime; css=\u00a0\u00bb.vc_custom_1623770845140{padding-top: 30px !important;}\u00a0\u00bb][vc_custom_heading text=\u00a0\u00bbDate de r\u00e9alisation :\u00a0\u00bb font_container=\u00a0\u00bbtag:h3|font_size:18px|text_align:left\u00a0\u00bb google_fonts=\u00a0\u00bbfont_family:Roboto%3A100%2C100italic%2C300%2C300italic%2Cregular%2Citalic%2C500%2C500italic%2C700%2C700italic%2C900%2C900italic|font_style:500%20bold%20regular%3A500%3Anormal\u00a0\u00bb css=\u00a0\u00bb.vc_custom_1623770800555{margin-bottom: 0px !important;}\u00a0\u00bb][vc_column_text css=\u00a0\u00bb.vc_custom_1689062988943{margin-top: 0px !important;}\u00a0\u00bb]Juin 2023[\/vc_column_text][vc_custom_heading text=\u00a0\u00bbR\u00e9alisateur :\u00a0\u00bb font_container=\u00a0\u00bbtag:h3|font_size:18px|text_align:left\u00a0\u00bb google_fonts=\u00a0\u00bbfont_family:Roboto%3A100%2C100italic%2C300%2C300italic%2Cregular%2Citalic%2C500%2C500italic%2C700%2C700italic%2C900%2C900italic|font_style:500%20bold%20regular%3A500%3Anormal\u00a0\u00bb css=\u00a0\u00bb.vc_custom_1623771762314{margin-bottom: 0px !important;}\u00a0\u00bb][vc_column_text css=\u00a0\u00bb.vc_custom_1623771712223{margin-top: 0px !important;}\u00a0\u00bb]<a href=\"https:\/\/fr.linkedin.com\/in\/maximegayet\">Maxime Gayet<\/a>[\/vc_column_text][vc_custom_heading text=\u00a0\u00bbActeur :\u00a0\u00bb font_container=\u00a0\u00bbtag:h3|font_size:18px|text_align:left\u00a0\u00bb google_fonts=\u00a0\u00bbfont_family:Roboto%3A100%2C100italic%2C300%2C300italic%2Cregular%2Citalic%2C500%2C500italic%2C700%2C700italic%2C900%2C900italic|font_style:500%20bold%20regular%3A500%3Anormal\u00a0\u00bb css=\u00a0\u00bb.vc_custom_1623771776226{margin-bottom: 0px !important;}\u00a0\u00bb][vc_column_text css=\u00a0\u00bb.vc_custom_1689064460314{margin-top: 0px !important;}\u00a0\u00bb]<a href=\"https:\/\/www.linkedin.com\/in\/maud-vallesella-47a4a149\/\">Maud Vallesella<\/a>, Figurants <a href=\"https:\/\/www.linkedin.com\/company\/staenk\/mycompany\/\">Team Staenk<\/a>[\/vc_column_text][\/vc_column][\/vc_row][vc_row][vc_column][vc_empty_space height=\u00a0\u00bb70px\u00a0\u00bb][\/vc_column][\/vc_row][vc_row][vc_column width=\u00a0\u00bb1\/3&Prime;][vc_btn title=\u00a0\u00bb\u00c9PISODE 2&Prime; style=\u00a0\u00bboutline\u00a0\u00bb color=\u00a0\u00bbwhite\u00a0\u00bb size=\u00a0\u00bbsm\u00a0\u00bb align=\u00a0\u00bbleft\u00a0\u00bb i_icon_fontawesome=\u00a0\u00bbfas fa-arrow-left\u00a0\u00bb add_icon=\u00a0\u00bbtrue\u00a0\u00bb link=\u00a0\u00bburl:https%3A%2F%2Fallezvousfairevoir.com%2Findex.php%2Fsaison-2%2Fdepartement-communication%2F|title:D%C3%A9partement%20Communication%202.0&Prime;][\/vc_column][vc_column width=\u00a0\u00bb1\/3&Prime;][vc_btn title=\u00a0\u00bb\u00c9PISODES SAISON 2&Prime; style=\u00a0\u00bboutline\u00a0\u00bb color=\u00a0\u00bbwhite\u00a0\u00bb size=\u00a0\u00bbsm\u00a0\u00bb align=\u00a0\u00bbcenter\u00a0\u00bb link=\u00a0\u00bburl:https%3A%2F%2Fallezvousfairevoir.com%2Findex.php%2Fsaison-2%2F|title:Saison%202&Prime;][\/vc_column][vc_column width=\u00a0\u00bb1\/3&Prime;][vc_btn title=\u00a0\u00bb\u00c9PISODE 4&Prime; style=\u00a0\u00bboutline\u00a0\u00bb color=\u00a0\u00bbwhite\u00a0\u00bb size=\u00a0\u00bbsm\u00a0\u00bb align=\u00a0\u00bbright\u00a0\u00bb i_align=\u00a0\u00bbright\u00a0\u00bb i_icon_fontawesome=\u00a0\u00bbfas fa-arrow-right\u00a0\u00bb add_icon=\u00a0\u00bbtrue\u00a0\u00bb link=\u00a0\u00bburl:https%3A%2F%2Fallezvousfairevoir.com%2Findex.php%2Fsaison-2%2Fdepartement-bien-etre%2F|title:D%C3%A9partement%20Bien-%C3%AAtre\u00a0\u00bb][\/vc_column][\/vc_row]<\/p>\n","protected":false},"excerpt":{"rendered":"<p>[vc_row][vc_column][vc_custom_heading text=\u00a0\u00bbD\u00e9partement de l&rsquo;Optimisation\u00a0\u00bb font_container=\u00a0\u00bbtag:h1|text_align:center\u00a0\u00bb google_fonts=\u00a0\u00bbfont_family:Roboto%3A100%2C100italic%2C300%2C300italic%2Cregular%2Citalic%2C500%2C500italic%2C700%2C700italic%2C900%2C900italic|font_style:900%20bold%20regular%3A900%3Anormal\u00a0\u00bb][\/vc_column][\/vc_row][vc_row][vc_column][vc_video link=\u00a0\u00bbhttps:\/\/youtu.be\/iyMF5kV77XM\u00a0\u00bb align=\u00a0\u00bbcenter\u00a0\u00bb][\/vc_column][\/vc_row][vc_row][vc_column width=\u00a0\u00bb2\/3&Prime;][vc_column_text]saison 2 \/ ep. 3 &#8211; d\u00e9partement de l&rsquo;optimisation[\/vc_column_text][vc_custom_heading text=\u00a0\u00bbLe D\u00e9partement de l&rsquo;Optimisation | Ep.03&Prime; font_container=\u00a0\u00bbtag:h2|font_size:30px|text_align:left\u00a0\u00bb google_fonts=\u00a0\u00bbfont_family:Roboto%3A100%2C100italic%2C300%2C300italic%2Cregular%2Citalic%2C500%2C500italic%2C700%2C700italic%2C900%2C900italic|font_style:500%20bold%20regular%3A500%3Anormal\u00a0\u00bb][vc_column_text]Contre l&rsquo;infantilisation, on pr\u00e9f\u00e8re l&rsquo;optimisation. Et, si en plus, \u00e7a permet d&rsquo;apporter de la performance, alors [&hellip;]<\/p>\n","protected":false},"author":1,"featured_media":7961,"parent":7956,"menu_order":0,"comment_status":"closed","ping_status":"closed","template":"","meta":[],"_links":{"self":[{"href":"https:\/\/allezvousfairevoir.com\/index.php\/wp-json\/wp\/v2\/pages\/7971"}],"collection":[{"href":"https:\/\/allezvousfairevoir.com\/index.php\/wp-json\/wp\/v2\/pages"}],"about":[{"href":"https:\/\/allezvousfairevoir.com\/index.php\/wp-json\/wp\/v2\/types\/page"}],"author":[{"embeddable":true,"href":"https:\/\/allezvousfairevoir.com\/index.php\/wp-json\/wp\/v2\/users\/1"}],"replies":[{"embeddable":true,"href":"https:\/\/allezvousfairevoir.com\/index.php\/wp-json\/wp\/v2\/comments?post=7971"}],"version-history":[{"count":3,"href":"https:\/\/allezvousfairevoir.com\/index.php\/wp-json\/wp\/v2\/pages\/7971\/revisions"}],"predecessor-version":[{"id":7977,"href":"https:\/\/allezvousfairevoir.com\/index.php\/wp-json\/wp\/v2\/pages\/7971\/revisions\/7977"}],"up":[{"embeddable":true,"href":"https:\/\/allezvousfairevoir.com\/index.php\/wp-json\/wp\/v2\/pages\/7956"}],"wp:featuredmedia":[{"embeddable":true,"href":"https:\/\/allezvousfairevoir.com\/index.php\/wp-json\/wp\/v2\/media\/7961"}],"wp:attachment":[{"href":"https:\/\/allezvousfairevoir.com\/index.php\/wp-json\/wp\/v2\/media?parent=7971"}],"curies":[{"name":"wp","href":"https:\/\/api.w.org\/{rel}","templated":true}]}}